{"id":10463,"date":"2025-08-03T17:48:51","date_gmt":"2025-08-03T17:48:51","guid":{"rendered":"https:\/\/aktivklinikk1fysioterapi.no\/?page_id=10463"},"modified":"2025-12-01T19:01:24","modified_gmt":"2025-12-01T19:01:24","slug":"cooperation-references","status":"publish","type":"page","link":"https:\/\/aktivklinikk1fysioterapi.no\/en\/cooperation-references\/","title":{"rendered":"References \/ Cooperation"},"content":{"rendered":"\t\t<div data-elementor-type=\"wp-page\" data-elementor-id=\"10463\" class=\"elementor elementor-10463\">\n\t\t\t\t<div class=\"elementor-element elementor-element-832a757 e-flex e-con-boxed e-con e-parent\" data-id=\"832a757\" data-element_type=\"container\" data-e-type=\"container\" data-settings=\"{&quot;background_background&quot;:&quot;classic&quot;}\">\n\t\t\t\t\t<div class=\"e-con-inner\">\n\t\t\t\t<div class=\"elementor-element elementor-element-ccb89f5 elementor-widget elementor-widget-prophysique_core_section_title\" data-id=\"ccb89f5\" data-element_type=\"widget\" data-e-type=\"widget\" data-widget_type=\"prophysique_core_section_title.default\">\n\t\t\t\t<div class=\"elementor-widget-container\">\n\t\t\t\t\t<div class=\"qodef-shortcode qodef-m qodef-section-title qodef-alignment--center\">\n\t\t\t\t<h2 class=\"qodef-m-title\" style=\"color: #FFFFFF\">\n\t\tReferencje oraz wsp\u00f3\u0142praca\t<\/h2>\n\t\t<\/div>\n\t\t\t\t<\/div>\n\t\t\t\t<\/div>\n\t\t\t\t\t<\/div>\n\t\t\t\t<\/div>\n\t\t<div class=\"elementor-element elementor-element-15e0bab e-flex e-con-boxed e-con e-parent\" data-id=\"15e0bab\" data-element_type=\"container\" data-e-type=\"container\" data-settings=\"{&quot;background_background&quot;:&quot;classic&quot;}\">\n\t\t\t\t\t<div class=\"e-con-inner\">\n\t\t<div class=\"elementor-element elementor-element-9cb60da e-con-full e-flex e-con e-child\" data-id=\"9cb60da\" data-element_type=\"container\" data-e-type=\"container\">\n\t\t\t\t<div class=\"elementor-element elementor-element-e79949d elementor-widget elementor-widget-html\" data-id=\"e79949d\" data-element_type=\"widget\" data-e-type=\"widget\" data-widget_type=\"html.default\">\n\t\t\t\t\t<section class=\"wspolpraca-section\">\r\n  <h2>Wsp\u00f3\u0142praca<\/h2>\r\n\r\n  <div class=\"wspolpraca-slider\">\r\n    <button class=\"slider-btn prev\" aria-label=\"Poprzedni\">&#10094;<\/button>\r\n\r\n    <div class=\"slider-viewport\">\r\n      <div class=\"slider-track\">\r\n        <div class=\"slide\">\r\n          <h3>Fastleger<\/h3>\r\n          <p>Vincent Medisinske Senter, Fredrikstad<\/p>\r\n        <\/div>\r\n\r\n        <div class=\"slide\">\r\n          <h3>Fastleger<\/h3>\r\n          <p>Varteig Legesenter AS, Hafslunds\u00f8y<\/p>\r\n        <\/div>\r\n\r\n        <div class=\"slide\">\r\n          <h3>Justyna Pryjma<\/h3>\r\n          <p>Smertespesialisten<\/p>\r\n          <p>Tel: 955 51 714<\/p>\r\n        <\/div>\r\n\r\n        <div class=\"slide\">\r\n          <h3>Tomasz Rudnicki<\/h3>\r\n          <p>Spesialist i ortopedi<\/p>\r\n          <p>Tel: 486 42 485<\/p>\r\n        <\/div>\r\n\r\n        <div class=\"slide\">\r\n          <h3>Dariusz Skowronski<\/h3>\r\n          <p>Psycholog i seksuolog kliniczny<\/p>\r\n          <p>Profesor na Temple University Japan Campus w Tokyo<\/p>\r\n          <p><a href=\"https:\/\/bright-life-counseling.com\" target=\"_blank\" rel=\"noopener\">bright-life-counseling.com<\/a><\/p>\r\n        <\/div>\r\n\r\n        <div class=\"slide\">\r\n          <h3>Przemys\u0142aw Maziarz<\/h3>\r\n          <p>Lancet - Kirurgisk Praksis<\/p>\r\n          <p>Tel: 968 14 214<\/p>\r\n        <\/div>\r\n      <\/div>\r\n    <\/div>\r\n\r\n    <button class=\"slider-btn next\" aria-label=\"Nast\u0119pny\">&#10095;<\/button>\r\n  <\/div>\r\n\r\n  <div class=\"slider-dots\">\r\n    <button class=\"dot active\" data-slide=\"0\" aria-label=\"Slajd 1\"><\/button>\r\n    <button class=\"dot\" data-slide=\"1\" aria-label=\"Slajd 2\"><\/button>\r\n    <button class=\"dot\" data-slide=\"2\" aria-label=\"Slajd 3\"><\/button>\r\n    <button class=\"dot\" data-slide=\"3\" aria-label=\"Slajd 4\"><\/button>\r\n    <button class=\"dot\" data-slide=\"4\" aria-label=\"Slajd 5\"><\/button>\r\n    <button class=\"dot\" data-slide=\"5\" aria-label=\"Slajd 6\"><\/button>\r\n  <\/div>\r\n<\/section>\r\n\r\n<style>\r\n.wspolpraca-section {\r\n  max-width: 800px;\r\n  margin: 40px auto;\r\n  font-family: Arial, sans-serif;\r\n  text-align: center;\r\n}\r\n\r\n\r\n\r\n.wspolpraca-slider {\r\n  position: relative;\r\n  display: flex;\r\n  align-items: center;\r\n  justify-content: center;\r\n}\r\n\r\n.slider-viewport {\r\n  overflow: hidden;\r\n  border-radius: 10px;\r\n  flex: 1;\r\n}\r\n\r\n.slider-track {\r\n  display: flex;\r\n  transition: transform 0.5s ease-in-out;\r\n}\r\n\r\n.slide {\r\n  min-width: 100%;\r\n  box-sizing: border-box;\r\n  padding: 30px;\r\n  background: #f5f5f5;\r\n}\r\n\r\n.slide h3 {\r\n  margin-bottom: 10px;\r\n  font-size: 22px;\r\n}\r\n\r\n.slide p {\r\n  margin: 4px 0;\r\n  font-size: 16px;\r\n}\r\n\r\n.slide a {\r\n  text-decoration: none;\r\n  border-bottom: 1px solid #333;\r\n}\r\n\r\n\/* Przyciski lewo\/prawo *\/\r\n.slider-btn {\r\n  background: rgba(0, 0, 0, 0.5);\r\n  color: #fff;\r\n  border: none;\r\n  width: 36px;\r\n  height: 36px;\r\n  border-radius: 50%;\r\n  cursor: pointer;\r\n  font-size: 20px;\r\n  display: flex;\r\n  align-items: center;\r\n  justify-content: center;\r\n  margin: 0 8px;\r\n  transition: background 0.2s;\r\n}\r\n\r\n.slider-btn:hover {\r\n  background: rgba(0, 0, 0, 0.7);\r\n}\r\n\r\n\/* Kropki nawigacyjne *\/\r\n.slider-dots {\r\n  margin-top: 12px;\r\n  display: flex;\r\n  justify-content: center;\r\n  gap: 6px;\r\n}\r\n\r\n.slider-dots .dot {\r\n  width: 10px;\r\n  height: 10px;\r\n  border-radius: 50%;\r\n  border: none;\r\n  background: #ccc;\r\n  cursor: pointer;\r\n  padding: 0;\r\n}\r\n\r\n.slider-dots .dot.active {\r\n  background: #555;\r\n}\r\n\r\n\/* Responsywno\u015b\u0107 *\/\r\n@media (max-width: 600px) {\r\n  .slide {\r\n    padding: 20px;\r\n  }\r\n\r\n  .wspolpraca-section h2 {\r\n    font-size: 22px;\r\n  }\r\n\r\n  .slide h3 {\r\n    font-size: 18px;\r\n  }\r\n\r\n  .slide p {\r\n    font-size: 14px;\r\n  }\r\n}\r\n<\/style>\r\n\r\n<script>\r\n(function() {\r\n  const section = document.querySelector('.wspolpraca-section');\r\n  if (!section) return;\r\n\r\n  const track = section.querySelector('.slider-track');\r\n  const slides = Array.from(track.children);\r\n  const prevBtn = section.querySelector('.slider-btn.prev');\r\n  const nextBtn = section.querySelector('.slider-btn.next');\r\n  const dots = Array.from(section.querySelectorAll('.slider-dots .dot'));\r\n\r\n  let currentIndex = 0;\r\n  let autoSlideInterval = null;\r\n  const autoSlideTime = 5000; \/\/ ms\r\n\r\n  function goToSlide(index) {\r\n    const slideCount = slides.length;\r\n    currentIndex = (index + slideCount) % slideCount;\r\n    track.style.transform = `translateX(-${currentIndex * 100}%)`;\r\n\r\n    \/\/ aktualizacja kropek\r\n    dots.forEach(dot => dot.classList.remove('active'));\r\n    if (dots[currentIndex]) {\r\n      dots[currentIndex].classList.add('active');\r\n    }\r\n  }\r\n\r\n  function nextSlide() {\r\n    goToSlide(currentIndex + 1);\r\n  }\r\n\r\n  function prevSlide() {\r\n    goToSlide(currentIndex - 1);\r\n  }\r\n\r\n  function startAutoSlide() {\r\n    stopAutoSlide();\r\n    autoSlideInterval = setInterval(nextSlide, autoSlideTime);\r\n  }\r\n\r\n  function stopAutoSlide() {\r\n    if (autoSlideInterval) {\r\n      clearInterval(autoSlideInterval);\r\n      autoSlideInterval = null;\r\n    }\r\n  }\r\n\r\n  \/\/ Obs\u0142uga przycisk\u00f3w\r\n  nextBtn.addEventListener('click', () => {\r\n    nextSlide();\r\n    startAutoSlide(); \/\/ restart po r\u0119cznym klikni\u0119ciu\r\n  });\r\n\r\n  prevBtn.addEventListener('click', () => {\r\n    prevSlide();\r\n    startAutoSlide();\r\n  });\r\n\r\n  \/\/ Obs\u0142uga kropek\r\n  dots.forEach(dot => {\r\n    dot.addEventListener('click', () => {\r\n      const index = parseInt(dot.getAttribute('data-slide'), 10);\r\n      goToSlide(index);\r\n      startAutoSlide();\r\n    });\r\n  });\r\n\r\n  \/\/ Pauza po najechaniu myszk\u0105\r\n  const viewport = section.querySelector('.slider-viewport');\r\n  viewport.addEventListener('mouseenter', stopAutoSlide);\r\n  viewport.addEventListener('mouseleave', startAutoSlide);\r\n\r\n  \/\/ Start\r\n  goToSlide(0);\r\n  startAutoSlide();\r\n})();\r\n<\/script>\r\n\t\t\t\t<\/div>\n\t\t\t\t<\/div>\n\t\t\t\t<div class=\"elementor-element elementor-element-936a369 elementor-widget elementor-widget-prophysique_core_section_title\" data-id=\"936a369\" data-element_type=\"widget\" data-e-type=\"widget\" data-widget_type=\"prophysique_core_section_title.default\">\n\t\t\t\t<div class=\"elementor-widget-container\">\n\t\t\t\t\t<div class=\"qodef-shortcode qodef-m qodef-section-title qodef-alignment--center\">\n\t\t\t\t<h2 class=\"qodef-m-title\" >\n\t\tReferencje\t<\/h2>\n\t\t<\/div>\n\t\t\t\t<\/div>\n\t\t\t\t<\/div>\n\t\t\t\t<div class=\"elementor-element elementor-element-64734d3 elementor-widget elementor-widget-prophysique_core_testimonials_list\" data-id=\"64734d3\" data-element_type=\"widget\" data-e-type=\"widget\" data-widget_type=\"prophysique_core_testimonials_list.default\">\n\t\t\t\t<div class=\"elementor-widget-container\">\n\t\t\t\t\t<div class=\"qodef-shortcode qodef-m qodef-testimonials-list qodef-grid qodef-layout--columns qodef-col-num--2 qodef-item-layout--info-below-compact qodef-responsive--predefined qodef-swiper--show-pagination\" >\n\t<div class=\"qodef-grid-inner\">\n\t\t<div class=\"qodef-e qodef-grid-item\">\n\t<div class=\"qodef-e-inner\">\n\t\t<div class=\"qodef-e-content\">\n\t\t\t<div class=\"qodef-e-content-top\">\n\t\t\t\t<div class=\"qodef-e-content-top-left\">\n\t\t\t\t\t\t\t\t\t\t\t<h6 class=\"qodef-e-author\">\n\t\t<span class=\"qodef-e-author-name\">Zenon Antoszkow<\/span>\n\t\t\t\t\t<span class=\"qodef-e-author-job\">Lekarz rodzinny, Przychodnia Varteig AS, Hafsunds\u00f8y<\/span>\n\t\t\t<\/h6>\n\t\t\t\t<\/div>\n\t\t\t\t<div class=\"qodef-e-content-top-right\">\n\t\t\t\t\t\n<div class=\"qodef-rating-holder\">\n\t\t\t\t<span class=\"qodef-icon-elegant-icons icon_star\" ><\/span>\t\t\t\t\t\t\t<span class=\"qodef-icon-elegant-icons icon_star\" ><\/span>\t\t\t\t\t\t\t<span class=\"qodef-icon-elegant-icons icon_star\" ><\/span>\t\t\t\t\t\t\t<span class=\"qodef-icon-elegant-icons icon_star\" ><\/span>\t\t\t\t\t\t\t<span class=\"qodef-icon-elegant-icons icon_star\" ><\/span>\t\t\t<\/div>\n\t\t\t\t<\/div>\n\t\t\t<\/div>\n\t\t\t\t\t\t\t<span itemprop=\"description\" class=\"qodef-e-text\">Wsp\u00f3\u0142prac\u0119 z fizjoterapeutk\u0105 Ag\u0105, kt\u00f3ra prowadzi w\u0142asn\u0105 dzia\u0142alno\u015b\u0107 gospodarcz\u0105 Aktivklinikk1 Fizjoterapia. W trakcie naszej wsp\u00f3\u0142pracy skupili\u015bmy si\u0119 na ocenie i leczeniu pacjent\u00f3w z b\u00f3lem mi\u0119\u015bniowo-szkieletowym, migrenami i innymi schorzeniami b\u00f3lowymi, w tym b\u00f3lem plec\u00f3w, szyi i ramion oraz fibromialgi\u0105. Aga udowodni\u0142a, \u017ce \u200b\u200bjest innowacyjn\u0105 i pomys\u0142ow\u0105 fizjoterapeutk\u0105, kt\u00f3ra zawsze bierze pod uwag\u0119 indywidualne potrzeby pacjenta. Potrafi dostrzega\u0107 szanse w wyzwaniach i systematycznie poszukuje najodpowiedniejszych rozwi\u0105za\u0144, aby osi\u0105gn\u0105\u0107 jak najlepsze rezultaty leczenia. Uwa\u017cam j\u0105 za troskliw\u0105, profesjonaln\u0105 i oddan\u0105 profesjonalistk\u0119, z wysok\u0105 etyk\u0105 pracy i autentycznym zainteresowaniem dobrem i rozwojem pacjent\u00f3w. Niniejszym polecam j\u0105.<\/span>\n\t\t\t\t\t<\/div>\n\t<\/div>\n<\/div>\n<div class=\"qodef-e qodef-grid-item\">\n\t<div class=\"qodef-e-inner\">\n\t\t<div class=\"qodef-e-content\">\n\t\t\t<div class=\"qodef-e-content-top\">\n\t\t\t\t<div class=\"qodef-e-content-top-left\">\n\t\t\t\t\t\t\t\t\t\t\t<h6 class=\"qodef-e-author\">\n\t\t<span class=\"qodef-e-author-name\">Justyna Pryjma<\/span>\n\t\t\t\t\t<span class=\"qodef-e-author-job\">Overlege Smertepoliklinikken S\u00d8K<\/span>\n\t\t\t<\/h6>\n\t\t\t\t<\/div>\n\t\t\t\t<div class=\"qodef-e-content-top-right\">\n\t\t\t\t\t\n<div class=\"qodef-rating-holder\">\n\t\t\t\t<span class=\"qodef-icon-elegant-icons icon_star\" ><\/span>\t\t\t\t\t\t\t<span class=\"qodef-icon-elegant-icons icon_star\" ><\/span>\t\t\t\t\t\t\t<span class=\"qodef-icon-elegant-icons icon_star\" ><\/span>\t\t\t\t\t\t\t<span class=\"qodef-icon-elegant-icons icon_star\" ><\/span>\t\t\t\t\t\t\t<span class=\"qodef-icon-elegant-icons icon_star\" ><\/span>\t\t\t<\/div>\n\t\t\t\t<\/div>\n\t\t\t<\/div>\n\t\t\t\t\t\t\t<span itemprop=\"description\" class=\"qodef-e-text\">Pracowa\u0142am razem z Agnieszka w Poradni Leczenia B\u00f3lu w Szpitalu w \u00d8stfold od. Jest kompetentn\u0105, sumienn\u0105 pracownic\u0105 i, co niemniej wa\u017cne, lubian\u0105 kole\u017cank\u0105. Aga posiada umiej\u0119tno\u015b\u0107 samodzielnej pracy i efektywnej organizacji czasu. Wykazuje si\u0119 wnikliw\u0105 wiedz\u0105 fachow\u0105 zar\u00f3wno w zakresie diagnostyki, jak i terapii z\u0142o\u017conych schorze\u0144 uk\u0142adu ruchu. Aga jest wyrozumia\u0142a i elastyczna w sytuacjach klinicznych, jednocze\u015bnie potrafi\u0105c stawia\u0107 granice i wymaga\u0107 od pacjent\u00f3w zaanga\u017cowania. Do problem\u00f3w pacjenta podchodzi z perspektywy bio-psycho-spo\u0142ecznej, a teori\u0119 potrafi prze\u0142o\u017cy\u0107 na praktyk\u0119. Jest zawsze zaanga\u017cowana i radosna oraz jest znakomit\u0105 specjalistk\u0105 w swojej dziedzinie.<\/span>\n\t\t\t\t\t<\/div>\n\t<\/div>\n<\/div>\n<div class=\"qodef-e qodef-grid-item\">\n\t<div class=\"qodef-e-inner\">\n\t\t<div class=\"qodef-e-content\">\n\t\t\t<div class=\"qodef-e-content-top\">\n\t\t\t\t<div class=\"qodef-e-content-top-left\">\n\t\t\t\t\t\t\t\t\t\t\t<h6 class=\"qodef-e-author\">\n\t\t<span class=\"qodef-e-author-name\">Kristin Scheele<\/span>\n\t\t\t\t\t<span class=\"qodef-e-author-job\">Allmennlegespesialist og fastlege ved Vincent Medisinske Senter i Fredrikstad<\/span>\n\t\t\t<\/h6>\n\t\t\t\t<\/div>\n\t\t\t\t<div class=\"qodef-e-content-top-right\">\n\t\t\t\t\t\n<div class=\"qodef-rating-holder\">\n\t\t\t\t<span class=\"qodef-icon-elegant-icons icon_star\" ><\/span>\t\t\t\t\t\t\t<span class=\"qodef-icon-elegant-icons icon_star\" ><\/span>\t\t\t\t\t\t\t<span class=\"qodef-icon-elegant-icons icon_star\" ><\/span>\t\t\t\t\t\t\t<span class=\"qodef-icon-elegant-icons icon_star\" ><\/span>\t\t\t\t\t\t\t<span class=\"qodef-icon-elegant-icons icon_star\" ><\/span>\t\t\t<\/div>\n\t\t\t\t<\/div>\n\t\t\t<\/div>\n\t\t\t\t\t\t\t<span itemprop=\"description\" class=\"qodef-e-text\">Wsp\u00f3\u0142pracuje z fizjoterapeutk\u0105 Ag\u0105, kt\u00f3ra pracuje od wielu lat w Vincent Medisinske Senter i Fredrikstad. Jest kompetentna, profesjonalna i bardzo zaanga\u017cowana w swoj\u0105 prac\u0119. Polecam j\u0105 !<\/span>\n\t\t\t\t\t<\/div>\n\t<\/div>\n<\/div>\n<div class=\"qodef-e qodef-grid-item\">\n\t<div class=\"qodef-e-inner\">\n\t\t<div class=\"qodef-e-content\">\n\t\t\t<div class=\"qodef-e-content-top\">\n\t\t\t\t<div class=\"qodef-e-content-top-left\">\n\t\t\t\t\t\t\t\t\t\t\t<h6 class=\"qodef-e-author\">\n\t\t<span class=\"qodef-e-author-name\">dr Dariusz Skowronski,<\/span>\n\t\t\t\t\t<span class=\"qodef-e-author-job\">Psycholog i seksuolog kliniczny, profesor na Temple University Japana Campus w Tokyo<\/span>\n\t\t\t<\/h6>\n\t\t\t\t<\/div>\n\t\t\t\t<div class=\"qodef-e-content-top-right\">\n\t\t\t\t\t\n<div class=\"qodef-rating-holder\">\n\t\t\t\t<span class=\"qodef-icon-elegant-icons icon_star\" ><\/span>\t\t\t\t\t\t\t<span class=\"qodef-icon-elegant-icons icon_star\" ><\/span>\t\t\t\t\t\t\t<span class=\"qodef-icon-elegant-icons icon_star\" ><\/span>\t\t\t\t\t\t\t<span class=\"qodef-icon-elegant-icons icon_star\" ><\/span>\t\t\t\t\t\t\t<span class=\"qodef-icon-elegant-icons icon_star\" ><\/span>\t\t\t<\/div>\n\t\t\t\t<\/div>\n\t\t\t<\/div>\n\t\t\t\t\t\t\t<span itemprop=\"description\" class=\"qodef-e-text\">Agnieszka to bardzo ceniony i znakomity kolega i przyjaciel, kt\u00f3ry oferuje wyj\u0105tkowo profesjonalne us\u0142ugi, oparte na dowodach i wysoce skuteczne. D\u0105\u017cy do doskona\u0142o\u015bci i prezentuje wysoka uczciwo\u015b\u0107 zar\u00f3wno zawodowo, jak i osobi\u015bcie. Agnieszka kontynuuje udzia\u0142 w konferencjach i szkoleniach, proaktywnie poszukuje nowych mo\u017cliwo\u015bci i rozwoju w swojej dziedzinie, fachowej wiedzy, a co za tym idzie najnowocze\u015bniejsze podej\u015bcia i interwencje terapeutyczne. Bardzo polecam Agnieszk\u0119 i bez wahania.<\/span>\n\t\t\t\t\t<\/div>\n\t<\/div>\n<\/div>\n<div class=\"qodef-e qodef-grid-item\">\n\t<div class=\"qodef-e-inner\">\n\t\t<div class=\"qodef-e-content\">\n\t\t\t<div class=\"qodef-e-content-top\">\n\t\t\t\t<div class=\"qodef-e-content-top-left\">\n\t\t\t\t\t\t\t\t\t\t\t<h6 class=\"qodef-e-author\">\n\t\t<span class=\"qodef-e-author-name\">Airi Kamiike<\/span>\n\t\t\t<\/h6>\n\t\t\t\t<\/div>\n\t\t\t\t<div class=\"qodef-e-content-top-right\">\n\t\t\t\t\t\n<div class=\"qodef-rating-holder\">\n\t\t\t\t<span class=\"qodef-icon-elegant-icons icon_star\" ><\/span>\t\t\t\t\t\t\t<span class=\"qodef-icon-elegant-icons icon_star\" ><\/span>\t\t\t\t\t\t\t<span class=\"qodef-icon-elegant-icons icon_star\" ><\/span>\t\t\t\t\t\t\t<span class=\"qodef-icon-elegant-icons icon_star\" ><\/span>\t\t\t\t\t\t\t<span class=\"qodef-icon-elegant-icons icon_star\" ><\/span>\t\t\t<\/div>\n\t\t\t\t<\/div>\n\t\t\t<\/div>\n\t\t\t\t\t\t\t<span itemprop=\"description\" class=\"qodef-e-text\">Aga zrobi\u0142a kompleksowa ocen\u0119 mojego ciala i nauczyla mnie \u0107wicze\u0144, aby zbudowa\u0107 silniejsze i sprawniejsze zdrowsze cia\u0142o. Jej technika rolowania by\u0142a bolesna, ale bardzo pomocna! Lubi\u0119 jej pozytywne i weso\u0142e podej\u015bcie.Jest \u015bwietna terapeutka.<\/span>\n\t\t\t\t\t<\/div>\n\t<\/div>\n<\/div>\n<div class=\"qodef-e qodef-grid-item\">\n\t<div class=\"qodef-e-inner\">\n\t\t<div class=\"qodef-e-content\">\n\t\t\t<div class=\"qodef-e-content-top\">\n\t\t\t\t<div class=\"qodef-e-content-top-left\">\n\t\t\t\t\t\t\t\t\t\t\t<h6 class=\"qodef-e-author\">\n\t\t<span class=\"qodef-e-author-name\">Birgit Sjolander, dr n. med., dr hab.<\/span>\n\t\t\t\t\t<span class=\"qodef-e-author-job\">Kierownik Kliniki Rehabilitacji Fizycznej i Medycznej w Szpitalu w Helgeland, Sandnessjoen<\/span>\n\t\t\t<\/h6>\n\t\t\t\t<\/div>\n\t\t\t\t<div class=\"qodef-e-content-top-right\">\n\t\t\t\t\t\n<div class=\"qodef-rating-holder\">\n\t\t\t\t<span class=\"qodef-icon-elegant-icons icon_star\" ><\/span>\t\t\t\t\t\t\t<span class=\"qodef-icon-elegant-icons icon_star\" ><\/span>\t\t\t\t\t\t\t<span class=\"qodef-icon-elegant-icons icon_star\" ><\/span>\t\t\t\t\t\t\t<span class=\"qodef-icon-elegant-icons icon_star\" ><\/span>\t\t\t\t\t\t\t<span class=\"qodef-icon-elegant-icons icon_star\" ><\/span>\t\t\t<\/div>\n\t\t\t\t<\/div>\n\t\t\t<\/div>\n\t\t\t\t\t\t\t<span itemprop=\"description\" class=\"qodef-e-text\">Aga pracowa\u0142a razem z nasza grupa w Klinice Rehabilitacji Fizycznej i Medycznej w Szpitalu Sandnessjoen w Helgeland w Norwegii. Grupa sk\u0142ada\u0142a si\u0119 z sze\u015bciu r\u00f3\u017cnych ekspert\u00f3w, kt\u00f3rzy pracowali w imieniu Uniwersytetu w Troms\u00f8. G\u0142\u00f3wnym zadaniem grupy by\u0142a diagnostyka pacjent\u00f3w z ME\/CFS (zesp\u00f3\u0142 chronicznego zm\u0119czenia) i wdro\u017cenie odpowiedniego leczenia. Dzi\u0119ki swojej rozleg\u0142ej wiedzy i do\u015bwiadczeniu w terapii manualnej, Aga wnios\u0142a znacz\u0105cy wk\u0142ad w nasz projekt i nada\u0142a nowy wymiar naszej misji. Ona doskonale zna wszystkie najnowocze\u015bniejsze metody terapii manualnej, a jednocze\u015bnie jest otwarta na innowacje i ch\u0119tna do nauki. Poszukuj\u0105c nowej wiedzy, pozostaje skupiona na swoich celach i nie traci z oczu pacjent\u00f3w.<\/span>\n\t\t\t\t\t<\/div>\n\t<\/div>\n<\/div>\n<div class=\"qodef-e qodef-grid-item\">\n\t<div class=\"qodef-e-inner\">\n\t\t<div class=\"qodef-e-content\">\n\t\t\t<div class=\"qodef-e-content-top\">\n\t\t\t\t<div class=\"qodef-e-content-top-left\">\n\t\t\t\t\t\t\t\t\t\t\t<h6 class=\"qodef-e-author\">\n\t\t<span class=\"qodef-e-author-name\">Przemys\u0142aw Andruszko<\/span>\n\t\t\t\t\t<span class=\"qodef-e-author-job\">Lekarz specjalista fizjoterapii<\/span>\n\t\t\t<\/h6>\n\t\t\t\t<\/div>\n\t\t\t\t<div class=\"qodef-e-content-top-right\">\n\t\t\t\t\t\n<div class=\"qodef-rating-holder\">\n\t\t\t\t<span class=\"qodef-icon-elegant-icons icon_star\" ><\/span>\t\t\t\t\t\t\t<span class=\"qodef-icon-elegant-icons icon_star\" ><\/span>\t\t\t\t\t\t\t<span class=\"qodef-icon-elegant-icons icon_star\" ><\/span>\t\t\t\t\t\t\t<span class=\"qodef-icon-elegant-icons icon_star\" ><\/span>\t\t\t\t\t\t\t<span class=\"qodef-icon-elegant-icons icon_star\" ><\/span>\t\t\t<\/div>\n\t\t\t\t<\/div>\n\t\t\t<\/div>\n\t\t\t\t\t\t\t<span itemprop=\"description\" class=\"qodef-e-text\">Wsp\u00f3\u0142pracowa\u0142em z Ag\u0105 , kt\u00f3ra by\u0142a zatrudniona jako fizjoterapeutka w Oddziale Rehabilitacji Fizycznej i Medycznej w Helgelandssykehuset w Sandnessj\u00f8en. W tym okresie wsp\u00f3\u0142pracowali\u015bmy mi\u0119dzy innymi w zakresie oceny i leczenia pacjent\u00f3w z r\u00f3\u017cnymi dolegliwo\u015bciami uk\u0142adu mi\u0119\u015bniowego i szkieletowego i rozproszonymi schorzeniami b\u00f3lowymi np. b\u00f3l plec\u00f3w, b\u00f3l szyi\/bark\u00f3w, fibromialgia. Aga pracowa\u0142a zar\u00f3wno w klinice diagnostyki wielodyscyplinarnej, jak i na oddziale. Postrzegam j\u0105 jako osob\u0119 mi\u0142\u0105, profesjonaln\u0105, pozytywn\u0105 i zaanga\u017cowan\u0105.<\/span>\n\t\t\t\t\t<\/div>\n\t<\/div>\n<\/div>\n\t<\/div>\n<\/div>\n\t\t\t\t<\/div>\n\t\t\t\t<\/div>\n\t\t\t\t\t<\/div>\n\t\t\t\t<\/div>\n\t\t<div class=\"elementor-element elementor-element-1b01b8f e-flex e-con-boxed e-con e-parent\" data-id=\"1b01b8f\" data-element_type=\"container\" data-e-type=\"container\" data-settings=\"{&quot;background_background&quot;:&quot;classic&quot;}\">\n\t\t\t\t\t<div class=\"e-con-inner\">\n\t\t\t\t<div class=\"elementor-element elementor-element-88aeb5b elementor-widget elementor-widget-prophysique_core_section_title\" data-id=\"88aeb5b\" data-element_type=\"widget\" data-e-type=\"widget\" data-widget_type=\"prophysique_core_section_title.default\">\n\t\t\t\t<div class=\"elementor-widget-container\">\n\t\t\t\t\t<div class=\"qodef-shortcode qodef-m qodef-section-title qodef-alignment--center\">\n\t\t<div class=\"qodef-m-image\" >\n\t\t<img fetchpriority=\"high\" decoding=\"async\" width=\"243\" height=\"280\" src=\"https:\/\/aktivklinikk1fysioterapi.no\/wp-content\/uploads\/2025\/08\/Businessman-and-businesswoman-shaking-hands-2.png\" class=\"attachment-full size-full\" alt=\"\" \/>\t<\/div>\n\t\t\t<h6 class=\"qodef-m-subtitle\" style=\"color: #FCFDFD\">Napisz na adres: AktivKlinikk1agajm@gmail.com<\/h6>\n\t\t<h2 class=\"qodef-m-title\" style=\"color: #C4A661\">\n\t\tZainteresowany wsp\u00f3\u0142prac\u0105?\t<\/h2>\n\t\t<p class=\"qodef-m-text\" style=\"margin-top: 10px;color: #FCFDFD\">Jestem otwarta na wsp\u00f3\u0142prac\u0119 z firmami, klubami sportowymi, innymi specjalistami z bran\u017cy medycznej oraz organizacjami, kt\u00f3rym bliskie jest holistyczne podej\u015bcie do zdrowia i dobrego samopoczucia. Wierz\u0119, \u017ce wsp\u00f3lne dzia\u0142ania mog\u0105 przynie\u015b\u0107 pacjentom jeszcze lepsze rezultaty.<\/p>\n\t<\/div>\n\t\t\t\t<\/div>\n\t\t\t\t<\/div>\n\t\t\t\t\t<\/div>\n\t\t\t\t<\/div>\n\t\t\t\t<\/div>\n\t\t","protected":false},"excerpt":{"rendered":"<p>Referencje oraz wsp\u00f3\u0142praca Wsp\u00f3\u0142praca &#10094; Fastleger Vincent Medisinske Senter, Fredrikstad Fastleger Varteig Legesenter AS, Hafslunds\u00f8y Justyna Pryjma Smertespesialisten Tel: 955 51 714 Tomasz Rudnicki Spesialist i ortopedi Tel: 486 42 485 Dariusz Skowronski Psycholog i seksuolog kliniczny Profesor na Temple University Japan Campus w Tokyo bright-life-counseling.com Przemys\u0142aw Maziarz Lancet &#8211; Kirurgisk Praksis Tel: 968 14 [&hellip;]<\/p>\n","protected":false},"author":1,"featured_media":8608,"parent":0,"menu_order":0,"comment_status":"closed","ping_status":"closed","template":"page-full-width.php","meta":{"footnotes":""},"class_list":["post-10463","page","type-page","status-publish","has-post-thumbnail","hentry"],"_links":{"self":[{"href":"https:\/\/aktivklinikk1fysioterapi.no\/en\/wp-json\/wp\/v2\/pages\/10463","targetHints":{"allow":["GET"]}}],"collection":[{"href":"https:\/\/aktivklinikk1fysioterapi.no\/en\/wp-json\/wp\/v2\/pages"}],"about":[{"href":"https:\/\/aktivklinikk1fysioterapi.no\/en\/wp-json\/wp\/v2\/types\/page"}],"author":[{"embeddable":true,"href":"https:\/\/aktivklinikk1fysioterapi.no\/en\/wp-json\/wp\/v2\/users\/1"}],"replies":[{"embeddable":true,"href":"https:\/\/aktivklinikk1fysioterapi.no\/en\/wp-json\/wp\/v2\/comments?post=10463"}],"version-history":[{"count":66,"href":"https:\/\/aktivklinikk1fysioterapi.no\/en\/wp-json\/wp\/v2\/pages\/10463\/revisions"}],"predecessor-version":[{"id":11441,"href":"https:\/\/aktivklinikk1fysioterapi.no\/en\/wp-json\/wp\/v2\/pages\/10463\/revisions\/11441"}],"wp:featuredmedia":[{"embeddable":true,"href":"https:\/\/aktivklinikk1fysioterapi.no\/en\/wp-json\/wp\/v2\/media\/8608"}],"wp:attachment":[{"href":"https:\/\/aktivklinikk1fysioterapi.no\/en\/wp-json\/wp\/v2\/media?parent=10463"}],"curies":[{"name":"wp","href":"https:\/\/api.w.org\/{rel}","templated":true}]}}