{"id":11428,"date":"2025-12-01T18:36:03","date_gmt":"2025-12-01T18:36:03","guid":{"rendered":"https:\/\/aktivklinikk1fysioterapi.no\/?page_id=11428"},"modified":"2025-12-01T18:38:02","modified_gmt":"2025-12-01T18:38:02","slug":"price-list","status":"publish","type":"page","link":"https:\/\/aktivklinikk1fysioterapi.no\/en\/price-list\/","title":{"rendered":"Pricelist"},"content":{"rendered":"<div data-elementor-type=\"wp-page\" data-elementor-id=\"11428\" class=\"elementor elementor-11428\">\n\t\t\t\t<div class=\"elementor-element elementor-element-832a757 e-flex e-con-boxed e-con e-parent\" data-id=\"832a757\" data-element_type=\"container\" data-e-type=\"container\" data-settings=\"{&quot;background_background&quot;:&quot;classic&quot;}\">\n\t\t\t\t\t<div class=\"e-con-inner\">\n\t\t\t\t<div class=\"elementor-element elementor-element-ccb89f5 elementor-widget elementor-widget-prophysique_core_section_title\" data-id=\"ccb89f5\" data-element_type=\"widget\" data-e-type=\"widget\" data-widget_type=\"prophysique_core_section_title.default\">\n\t\t\t\t<div class=\"elementor-widget-container\">\n\t\t\t\t\t<div class=\"qodef-shortcode qodef-m qodef-section-title qodef-alignment--center\">\n\t\t\t\t<h2 class=\"qodef-m-title\" style=\"color: #FFFFFF\">\n\t\tPricelist\t<\/h2>\n\t\t<\/div>\n\t\t\t\t<\/div>\n\t\t\t\t<\/div>\n\t\t\t\t\t<\/div>\n\t\t\t\t<\/div>\n\t\t<div class=\"elementor-element elementor-element-15e0bab e-flex e-con-boxed e-con e-parent\" data-id=\"15e0bab\" data-element_type=\"container\" data-e-type=\"container\" data-settings=\"{&quot;background_background&quot;:&quot;classic&quot;}\">\n\t\t\t\t\t<div class=\"e-con-inner\">\n\t\t\t\t<div class=\"elementor-element elementor-element-915149d elementor-widget elementor-widget-qi_addons_for_elementor_pricing_list\" data-id=\"915149d\" data-element_type=\"widget\" data-e-type=\"widget\" data-widget_type=\"qi_addons_for_elementor_pricing_list.default\">\n\t\t\t\t<div class=\"elementor-widget-container\">\n\t\t\t\t\t<div class=\"qodef-shortcode qodef-m qodef-qi-pricing-list qodef-pricing-line--solid qodef-layout--standard\">\n\t<div class=\"qodef-m-inner\">\n\t\t<div class=\"qodef-m-item qodef-e elementor-repeater-item-8c3609b\">\n\t\t\t<div class=\"qodef-e-heading\">\n\t\t\t<h5 class=\"qodef-e-heading-title\">Consultation<\/h5>\n\t\t\t\t\t\t<div class=\"qodef-e-heading-line\" ><\/div>\n\t\t\t\t\t\t\t<p class=\"qodef-e-heading-price\">60-75 min NOK 900<\/p>\n\t\t\t\t\t\t\t\t<\/div>\n\t\t\t\t<p class=\"qodef-e-description\">Interview, photo analysis, examination of the musculoskeletal system, establishment of an individual exercise or therapy programme \n<\/p>\n\t<\/div>\n<div class=\"qodef-m-item qodef-e elementor-repeater-item-906edd1\">\n\t\t\t<div class=\"qodef-e-heading\">\n\t\t\t<h5 class=\"qodef-e-heading-title\">Next visit <\/h5>\n\t\t\t\t\t\t<div class=\"qodef-e-heading-line\" ><\/div>\n\t\t\t\t\t\t\t<p class=\"qodef-e-heading-price\">45-60 min NOK 800<\/p>\n\t\t\t\t\t\t\t\t<\/div>\n\t\t<\/div>\n<div class=\"qodef-m-item qodef-e elementor-repeater-item-76eaff2\">\n\t\t\t<div class=\"qodef-e-heading\">\n\t\t\t<h5 class=\"qodef-e-heading-title\">Package Deal<\/h5>\n\t\t\t\t\t\t<div class=\"qodef-e-heading-line\" ><\/div>\n\t\t\t\t\t\t\t\t<\/div>\n\t\t\t\t<p class=\"qodef-e-description\">5 X 60 min NOK 3500,\n3 X 60 min 2250 NOK<\/p>\n\t<\/div>\n<div class=\"qodef-m-item qodef-e elementor-repeater-item-d91aca2\">\n\t\t\t<div class=\"qodef-e-heading\">\n\t\t\t<h5 class=\"qodef-e-heading-title\">Online consultation<\/h5>\n\t\t\t\t\t\t<div class=\"qodef-e-heading-line\" ><\/div>\n\t\t\t\t\t\t\t<p class=\"qodef-e-heading-price\"> 60 min 500 NOK<\/p>\n\t\t\t\t\t\t\t\t<\/div>\n\t\t\t\t<p class=\"qodef-e-description\">Interview, photo analysis, establishment of an individual exercise or therapy programme \n<\/p>\n\t<\/div>\n<div class=\"qodef-m-item qodef-e elementor-repeater-item-cfe8a89\">\n\t\t\t<div class=\"qodef-e-heading\">\n\t\t\t<h5 class=\"qodef-e-heading-title\">Personal trainer\/adult swim coach<\/h5>\n\t\t\t\t\t\t<div class=\"qodef-e-heading-line\" ><\/div>\n\t\t\t\t\t\t\t<p class=\"qodef-e-heading-price\">60 min 700 NOK<\/p>\n\t\t\t\t\t\t\t\t<\/div>\n\t\t\t\t<p class=\"qodef-e-description\">Packages available:                                                                                              5 X 60 min 2900 NOK, 10 X 60 min 5900 NOK<\/p>\n\t<\/div>\n<div class=\"qodef-m-item qodef-e elementor-repeater-item-e64846d\">\n\t\t\t<div class=\"qodef-e-heading\">\n\t\t\t<h5 class=\"qodef-e-heading-title\">MediYoga\/ MenoPower<\/h5>\n\t\t\t\t\t\t<div class=\"qodef-e-heading-line\" ><\/div>\n\t\t\t\t\t\t\t<p class=\"qodef-e-heading-price\">10 X 60 min 3000 NOK<\/p>\n\t\t\t\t\t\t\t\t<\/div>\n\t\t\t\t<p class=\"qodef-e-description\">Three-month course, once a week<\/p>\n\t<\/div>\n\t<\/div>\n\t\t<\/div>\n\t\t\t\t<\/div>\n\t\t\t\t<\/div>\n\t\t\t\t\t<\/div>\n\t\t\t\t<\/div>\n\t\t\t\t<\/div>","protected":false},"excerpt":{"rendered":"<p>Cennik Konsultacja 60-75 min 900 NOK Wywiad, analiza zdj\u0119\u0107, badanie narz\u0105du ruchu, ustalenie indywidualnego programu \u0107wicze\u0144 lub terapii Kolejna wizyta 45-60 min 800 NOK Karnet 5 X 60 min 3500 NOK, 3 X 60 min 2250 NOK Konsultacja online 60 min 500 NOK Wywiad, analiza zdj\u0119\u0107, ustalenie indywidualnego programu \u0107wicze\u0144 lub terapii Trener Personalny\/Trener p\u0142ywania [&hellip;]<\/p>\n","protected":false},"author":1,"featured_media":8608,"parent":0,"menu_order":0,"comment_status":"closed","ping_status":"closed","template":"page-full-width.php","meta":{"footnotes":""},"class_list":["post-11428","page","type-page","status-publish","has-post-thumbnail","hentry"],"_links":{"self":[{"href":"https:\/\/aktivklinikk1fysioterapi.no\/en\/wp-json\/wp\/v2\/pages\/11428","targetHints":{"allow":["GET"]}}],"collection":[{"href":"https:\/\/aktivklinikk1fysioterapi.no\/en\/wp-json\/wp\/v2\/pages"}],"about":[{"href":"https:\/\/aktivklinikk1fysioterapi.no\/en\/wp-json\/wp\/v2\/types\/page"}],"author":[{"embeddable":true,"href":"https:\/\/aktivklinikk1fysioterapi.no\/en\/wp-json\/wp\/v2\/users\/1"}],"replies":[{"embeddable":true,"href":"https:\/\/aktivklinikk1fysioterapi.no\/en\/wp-json\/wp\/v2\/comments?post=11428"}],"version-history":[{"count":3,"href":"https:\/\/aktivklinikk1fysioterapi.no\/en\/wp-json\/wp\/v2\/pages\/11428\/revisions"}],"predecessor-version":[{"id":11431,"href":"https:\/\/aktivklinikk1fysioterapi.no\/en\/wp-json\/wp\/v2\/pages\/11428\/revisions\/11431"}],"wp:featuredmedia":[{"embeddable":true,"href":"https:\/\/aktivklinikk1fysioterapi.no\/en\/wp-json\/wp\/v2\/media\/8608"}],"wp:attachment":[{"href":"https:\/\/aktivklinikk1fysioterapi.no\/en\/wp-json\/wp\/v2\/media?parent=11428"}],"curies":[{"name":"wp","href":"https:\/\/api.w.org\/{rel}","templated":true}]}}