{"id":10355,"date":"2025-08-03T10:43:45","date_gmt":"2025-08-03T10:43:45","guid":{"rendered":"https:\/\/aktivklinikk1fysioterapi.no\/?page_id=10355"},"modified":"2025-11-29T11:10:47","modified_gmt":"2025-11-29T11:10:47","slug":"om-meg","status":"publish","type":"page","link":"https:\/\/aktivklinikk1fysioterapi.no\/no\/om-meg\/","title":{"rendered":"Om meg"},"content":{"rendered":"<div data-elementor-type=\"wp-page\" data-elementor-id=\"10355\" class=\"elementor elementor-10355\">\n\t\t\t\t<div class=\"elementor-element elementor-element-832a757 e-flex e-con-boxed e-con e-parent\" data-id=\"832a757\" data-element_type=\"container\" data-e-type=\"container\" data-settings=\"{&quot;background_background&quot;:&quot;classic&quot;}\">\n\t\t\t\t\t<div class=\"e-con-inner\">\n\t\t\t\t<div class=\"elementor-element elementor-element-ccb89f5 elementor-widget elementor-widget-prophysique_core_section_title\" data-id=\"ccb89f5\" data-element_type=\"widget\" data-e-type=\"widget\" data-widget_type=\"prophysique_core_section_title.default\">\n\t\t\t\t<div class=\"elementor-widget-container\">\n\t\t\t\t\t<div class=\"qodef-shortcode qodef-m qodef-section-title qodef-alignment--center\">\n\t\t\t\t<h1 class=\"qodef-m-title\" style=\"color: #FFFFFF\">\n\t\tOm meg\t<\/h1>\n\t\t<\/div>\n\t\t\t\t<\/div>\n\t\t\t\t<\/div>\n\t\t\t\t\t<\/div>\n\t\t\t\t<\/div>\n\t\t<div class=\"elementor-element elementor-element-d546e1a e-con-full qodef-elementor-content-grid e-flex e-con e-parent\" data-id=\"d546e1a\" data-element_type=\"container\" data-e-type=\"container\">\n\t\t<div class=\"elementor-element elementor-element-d76f02d e-con-full e-flex e-con e-child\" data-id=\"d76f02d\" data-element_type=\"container\" data-e-type=\"container\">\n\t\t\t\t<div class=\"elementor-element elementor-element-c1c6a9c elementor-invisible elementor-widget elementor-widget-image\" data-id=\"c1c6a9c\" data-element_type=\"widget\" data-e-type=\"widget\" data-settings=\"{&quot;_animation&quot;:&quot;fadeIn&quot;}\" data-widget_type=\"image.default\">\n\t\t\t\t\t\t\t\t\t\t\t\t\t\t\t<img fetchpriority=\"high\" decoding=\"async\" width=\"639\" height=\"480\" src=\"https:\/\/aktivklinikk1fysioterapi.no\/wp-content\/uploads\/2025\/08\/IMG_0855.jpeg\" class=\"attachment-1536x1536 size-1536x1536 wp-image-10740\" alt=\"\" srcset=\"https:\/\/aktivklinikk1fysioterapi.no\/wp-content\/uploads\/2025\/08\/IMG_0855.jpeg 639w, https:\/\/aktivklinikk1fysioterapi.no\/wp-content\/uploads\/2025\/08\/IMG_0855-300x225.jpeg 300w, https:\/\/aktivklinikk1fysioterapi.no\/wp-content\/uploads\/2025\/08\/IMG_0855-16x12.jpeg 16w, https:\/\/aktivklinikk1fysioterapi.no\/wp-content\/uploads\/2025\/08\/IMG_0855-600x451.jpeg 600w\" sizes=\"(max-width: 639px) 100vw, 639px\" \/>\t\t\t\t\t\t\t\t\t\t\t\t\t\t\t<\/div>\n\t\t\t\t<\/div>\n\t\t<div class=\"elementor-element elementor-element-759c7ee e-con-full e-flex e-con e-child\" data-id=\"759c7ee\" data-element_type=\"container\" data-e-type=\"container\">\n\t\t\t\t<div class=\"elementor-element elementor-element-a3124e2 elementor-widget__width-initial elementor-widget-mobile__width-initial elementor-widget elementor-widget-prophysique_core_section_title\" data-id=\"a3124e2\" data-element_type=\"widget\" data-e-type=\"widget\" data-widget_type=\"prophysique_core_section_title.default\">\n\t\t\t\t<div class=\"elementor-widget-container\">\n\t\t\t\t\t<div class=\"qodef-shortcode qodef-m qodef-section-title qodef-alignment--left\">\n\t\t\t\t<h2 class=\"qodef-m-title\" >\n\t\tAga Jakubowska-Maziarz\t<\/h2>\n\t\t<\/div>\n\t\t\t\t<\/div>\n\t\t\t\t<\/div>\n\t\t\t\t<div class=\"elementor-element elementor-element-8304837 elementor-widget elementor-widget-text-editor\" data-id=\"8304837\" data-element_type=\"widget\" data-e-type=\"widget\" data-widget_type=\"text-editor.default\">\n\t\t\t\t\t\t\t\t\t<ul>\n<li style=\"font-weight: 400;\" aria-level=\"1\"><strong>Fysioterapeut<\/strong><\/li>\n<li style=\"font-weight: 400;\" aria-level=\"1\"><strong>Manuellterapeut\u00a0<\/strong><\/li>\n<li style=\"font-weight: 400;\" aria-level=\"1\"><strong>Urogynekologisk fysioterapeut\u00a0<\/strong><\/li>\n<li style=\"font-weight: 400;\" aria-level=\"1\"><strong>MediYoga-, Fitness- og sv\u00f8mmeinstrukt\u00f8r<\/strong><\/li>\n<li><strong>Personlig trener<\/strong><\/li>\n<\/ul>\n<p><span style=\"font-weight: 400;\">Med utgangspunkt i min kunnskap og 25 \u00e5rs yrkeserfaring hjelper jeg pasienter tilbake til en god psykofysisk form etter operasjoner, belastningsskader og skader.<\/span><\/p>\n<p><span style=\"font-weight: 400;\">Jeg behandler pasienter med akutte og kroniske smerter, idrettsut\u00f8vere, kvinner etter graviditet og f\u00f8dsel, overgangsalder og personer med s\u00e5kalt profesjonell utbrenthet.<\/span><\/p>\n<p><span style=\"font-weight: 400;\">Jeg har tilegnet meg kompetanse og yrkeserfaring ved \u00e5 jobbe b\u00e5de i det offentlige helsevesenet og ved \u00e5 drive egen praksis i Polen, Irland og de siste 15 \u00e5rene i Norge. Siden 2017 har jeg drevet egen praksis og FysioYoga-timer. Mellom 2021 og 2025 jobbet jeg p\u00e5 Smerteklinikken p\u00e5 Kalnes sykehus. For tiden driver jeg praksis p\u00e5 Vincent Medisinske Senter i Fredrikstad og p\u00e5 Varteig Legesenter p\u00e5 Halfslunds\u00f8y.<\/span><\/p>\n<p><span style=\"font-weight: 400;\">Jeg liker en aktiv livsstil. Jeg sykler, sv\u00f8mmer og bestiger fjelltopper. Jeg blir rolig av kontakt med dyr og natur. P\u00e5 fritiden leser jeg biografier, og jeg h\u00f8rer p\u00e5 rock og jazz. Jeg nyter en god film og et godt m\u00e5ltid.<\/span><\/p>\n<p><strong><em>Mitt m\u00e5l er \u00e5 inspirere mennesker til \u00e5 oppdage sine ressurser og evner. Jeg \u00f8nsker \u00e5 skape entusiasme og bidra til individuell utvikling. For meg er det viktig \u00e5 bidra til at folk f\u00e5r lyst til \u00e5 gj\u00f8re det de brenner for.<\/em><\/strong><\/p>\t\t\t\t\t\t\t\t<\/div>\n\t\t\t\t<div class=\"elementor-element elementor-element-c7417a7 elementor-hidden-desktop elementor-hidden-tablet elementor-hidden-mobile elementor-widget elementor-widget-prophysique_core_button\" data-id=\"c7417a7\" data-element_type=\"widget\" data-e-type=\"widget\" data-widget_type=\"prophysique_core_button.default\">\n\t\t\t\t<div class=\"elementor-widget-container\">\n\t\t\t\t\t<a class=\"qodef-shortcode qodef-m qodef-button qodef-layout--filled qodef-html--link\" href=\"https:\/\/aktivklinikk1fysioterapi.no\/no\/avtale\/\" target=\"_self\" data-hover-background-color=\"#8B0000\" style=\"background-color: #0A2342\">\n\t<span class=\"qodef-m-text\">Bestill konsultasjon<\/span>\n<\/a>\n\t\t\t\t<\/div>\n\t\t\t\t<\/div>\n\t\t\t\t<\/div>\n\t\t\t\t<\/div>\n\t\t<div class=\"elementor-element elementor-element-407262c e-flex e-con-boxed elementor-invisible e-con e-parent\" data-id=\"407262c\" data-element_type=\"container\" data-e-type=\"container\" data-settings=\"{&quot;animation&quot;:&quot;fadeInUp&quot;}\">\n\t\t\t\t\t<div class=\"e-con-inner\">\n\t\t<div class=\"elementor-element elementor-element-80f13b8 e-con-full e-flex e-con e-child\" data-id=\"80f13b8\" data-element_type=\"container\" data-e-type=\"container\">\n\t\t\t\t<div class=\"elementor-element elementor-element-aa522e3 elementor-widget__width-initial elementor-widget-mobile__width-initial elementor-widget elementor-widget-prophysique_core_section_title\" data-id=\"aa522e3\" data-element_type=\"widget\" data-e-type=\"widget\" data-widget_type=\"prophysique_core_section_title.default\">\n\t\t\t\t<div class=\"elementor-widget-container\">\n\t\t\t\t\t<div class=\"qodef-shortcode qodef-m qodef-section-title qodef-alignment--left\">\n\t\t\t\t<h3 class=\"qodef-m-title\" >\n\t\tYrkeserfaring\t<\/h3>\n\t\t<\/div>\n\t\t\t\t<\/div>\n\t\t\t\t<\/div>\n\t\t\t\t<div class=\"elementor-element elementor-element-b838bf2 elementor-widget elementor-widget-text-editor\" data-id=\"b838bf2\" data-element_type=\"widget\" data-e-type=\"widget\" data-widget_type=\"text-editor.default\">\n\t\t\t\t\t\t\t\t\t<p><strong>2021.05 - 2025.10 \u00a0<\/strong>Smerteseksjonen Kalnes - Sykehuset \u00d8stfold HF<br \/><strong>2019.02 - 2020.04<\/strong>\u00a0 Gym4You Treningssenter Rolvs\u00f8y - MediYoga-instrukt\u00f8r<br \/><strong>2018.01 - fortsettelse\u00a0<\/strong>\u00a0 Vincent Medisinske Senter Fredrikstad - privat praksis<br \/><strong>2017.11 - fortsettelse<\/strong>\u00a0 \u00a0AktivKlinikk1 Fysioterapi - privat praksis<br \/><strong>2017.11 - 2018.12<\/strong>\u00a0 FSC Quality Hotel Sarpsborg - MediYoga-instrukt\u00f8r<br \/><strong>2014.01 - 2014.12<\/strong>\u00a0 Helgelandssykehuset, Fysikalsk Medisin og Rehabilitering<br \/><strong>2013.01 - 2013.12<\/strong>\u00a0 Klinikk1 Fysioterapi og sportsmassasje - privat praksis<br \/><strong>2007.06 - 2009.06<\/strong>\u00a0 SV Fitness Health Club, National College of Ireland, Dublin, Irland<br \/><strong>2000.01 - 2007.06<\/strong>\u00a0 \u00a0Dr. Andrzej i Malgorzata Rakowskis Manuellterapisenter, Poznan, Polen<br \/><strong>1998.07 - 1999.12<\/strong>\u00a0 \u00a0Helseklinikk Otmuch\u00f3w, Polen<\/p>\t\t\t\t\t\t\t\t<\/div>\n\t\t\t\t<\/div>\n\t\t\t\t\t<\/div>\n\t\t\t\t<\/div>\n\t\t<div class=\"elementor-element elementor-element-04435ce e-flex e-con-boxed elementor-invisible e-con e-parent\" data-id=\"04435ce\" data-element_type=\"container\" data-e-type=\"container\" data-settings=\"{&quot;animation&quot;:&quot;fadeInUp&quot;}\">\n\t\t\t\t\t<div class=\"e-con-inner\">\n\t\t<div class=\"elementor-element elementor-element-17e90d4 e-con-full e-flex e-con e-child\" data-id=\"17e90d4\" data-element_type=\"container\" data-e-type=\"container\">\n\t\t\t\t<div class=\"elementor-element elementor-element-fc8909d elementor-widget__width-initial elementor-widget-mobile__width-initial elementor-widget elementor-widget-prophysique_core_section_title\" data-id=\"fc8909d\" data-element_type=\"widget\" data-e-type=\"widget\" data-widget_type=\"prophysique_core_section_title.default\">\n\t\t\t\t<div class=\"elementor-widget-container\">\n\t\t\t\t\t<div class=\"qodef-shortcode qodef-m qodef-section-title qodef-alignment--left\">\n\t\t\t\t<h3 class=\"qodef-m-title\" >\n\t\tUtdanning: \t<\/h3>\n\t\t<\/div>\n\t\t\t\t<\/div>\n\t\t\t\t<\/div>\n\t\t\t\t<div class=\"elementor-element elementor-element-3b46b3a elementor-widget elementor-widget-text-editor\" data-id=\"3b46b3a\" data-element_type=\"widget\" data-e-type=\"widget\" data-widget_type=\"text-editor.default\">\n\t\t\t\t\t\t\t\t\t<ul>\n<li style=\"font-weight: 400;\" aria-level=\"1\"><span style=\"font-weight: 400;\">AWF ved fakultetet for fysioterapi, Wroc\u0142aw 1993 - 1998<\/span><\/li>\n<li style=\"font-weight: 400;\" aria-level=\"1\"><span style=\"font-weight: 400;\">1999 - 2000 Kurs i manuellterapi, Polsk forening for manuell medisin, Poznan, Polen<\/span><\/li>\n<li style=\"font-weight: 400;\" aria-level=\"1\"><span style=\"font-weight: 400;\">1999 - 2000 Kurs for fitness-instrukt\u00f8rer, personlig trener og sv\u00f8mmeinstrukt\u00f8rer, Polen<\/span><\/li>\n<li style=\"font-weight: 400;\" aria-level=\"1\"><span style=\"font-weight: 400;\">2004 - 2005 Kurs i psykosomatisk terapi, Det polske Erikson-instituttet, Poznan, Polen<\/span><\/li>\n<li style=\"font-weight: 400;\" aria-level=\"1\"><span style=\"font-weight: 400;\">2003 - 2004 Videreutdanning i kunstterapi, Det polske Erikson-instituttet, Institutt for psykiatri, Det Medisinske Universitetet i Lodz, Polen<\/span><\/li>\n<li style=\"font-weight: 400;\" aria-level=\"1\"><span style=\"font-weight: 400;\">2006 Kurs i praktiske ferdigheter i psykologisk st\u00f8tte, Det polske Erickson-instituttet, Polen<\/span><\/li>\n<li style=\"font-weight: 400;\" aria-level=\"1\"><span style=\"font-weight: 400;\">2014  Kurs i fysioterapi ved bekkenbunnsdysfunksjon og urininkontinens, Krakow, Polen<\/span><\/li>\n<li style=\"font-weight: 400;\" aria-level=\"1\"><span style=\"font-weight: 400;\">2014 Kursbevis innen fysioterapi ved bekkenbunnsdysfunksjon, Quintet, Oslo, Norge<\/span><\/li>\n<li style=\"font-weight: 400;\" aria-level=\"1\"><span style=\"font-weight: 400;\">MediYoga instrukt\u00f8rkurs, Oslo 2015 - 2016<\/span><\/li>\n<li style=\"font-weight: 400;\" aria-level=\"1\"><span style=\"font-weight: 400;\">2018 Kurs i kinesio-taping, KT1\/KT2, Poznan, Polen<\/span><\/li>\n<li style=\"font-weight: 400;\" aria-level=\"1\"><span style=\"font-weight: 400;\">2018 Kurs i fascie-terapi, Krakow, Polen<\/span><\/li>\n<li style=\"font-weight: 400;\" aria-level=\"1\"><span style=\"font-weight: 400;\">2019 Kurs i mobilisering av nervestrukturer, Krakow, Polen<\/span><\/li>\n<li style=\"font-weight: 400;\" aria-level=\"1\"><span style=\"font-weight: 400;\">2021 Kurs i dry needling, t\u00f8rrn\u00e5ling av bl\u00f8tvev, Warszawa, Polen<\/span><\/li>\n<li style=\"font-weight: 400;\" aria-level=\"1\"><span style=\"font-weight: 400;\">Kurset Ryggens radiologi - kobling av symptomer til r\u00f8ntgenbilder, Krakow 2022<\/span><\/li>\n<li style=\"font-weight: 400;\" aria-level=\"1\"><span style=\"font-weight: 400;\">2022 Kurs i muskel og skjelett-ultralydunders\u00f8kelse for fysioterapeuter, Bydgoszcz, Polen<\/span><\/li>\n<li style=\"font-weight: 400;\" aria-level=\"1\"><span style=\"font-weight: 400;\">2022 TENS-kurs (transkutan nerveelektrostimulering), Oslo, Norge<\/span><\/li>\n<li style=\"font-weight: 400;\" aria-level=\"1\"><span style=\"font-weight: 400;\">2023 Kurs i akutt og kronisk smertefysioterapi, Norsk Fysioterapeutforbund, Oslo, Norge<\/span><\/li>\n<li style=\"font-weight: 400;\" aria-level=\"1\"><span style=\"font-weight: 400;\">2024 TENS-kurs, elektrisk stimulering av vagusnerven, Oslo, Polen<\/span><\/li>\n<li style=\"font-weight: 400;\" aria-level=\"1\"><span style=\"font-weight: 400;\">2025 Online-kurs i polyvagal teori if\u00f8lge dr.S.Porges, med sertifikat fra Polyvagal Institute<\/span><\/li>\n<li style=\"font-weight: 400;\" aria-level=\"1\"><span style=\"font-weight: 400;\">2025 Online-kurs i \u201dPlay Zone Pro\u201d-kurs med sertifikat, praktisk anvendelse av Polyvagal teori for trenere, instrukt\u00f8rer og ledere<\/span><\/li>\n<\/ul>\t\t\t\t\t\t\t\t<\/div>\n\t\t\t\t<\/div>\n\t\t\t\t\t<\/div>\n\t\t\t\t<\/div>\n\t\t<div class=\"elementor-element elementor-element-5efad67 e-flex e-con-boxed elementor-invisible e-con e-parent\" data-id=\"5efad67\" data-element_type=\"container\" data-e-type=\"container\" data-settings=\"{&quot;animation&quot;:&quot;fadeInUp&quot;}\">\n\t\t\t\t\t<div class=\"e-con-inner\">\n\t\t<div class=\"elementor-element elementor-element-2f02725 e-con-full e-flex e-con e-child\" data-id=\"2f02725\" data-element_type=\"container\" data-e-type=\"container\">\n\t\t\t\t<div class=\"elementor-element elementor-element-4da4567 elementor-widget__width-initial elementor-widget-mobile__width-initial elementor-widget elementor-widget-prophysique_core_section_title\" data-id=\"4da4567\" data-element_type=\"widget\" data-e-type=\"widget\" data-widget_type=\"prophysique_core_section_title.default\">\n\t\t\t\t<div class=\"elementor-widget-container\">\n\t\t\t\t\t<div class=\"qodef-shortcode qodef-m qodef-section-title qodef-alignment--left\">\n\t\t\t\t<h3 class=\"qodef-m-title\" >\n\t\tJeg har deltatt p\u00e5 vitenskapelige konferanser:\t<\/h3>\n\t\t<\/div>\n\t\t\t\t<\/div>\n\t\t\t\t<\/div>\n\t\t\t\t<div class=\"elementor-element elementor-element-b8e911b elementor-widget elementor-widget-text-editor\" data-id=\"b8e911b\" data-element_type=\"widget\" data-e-type=\"widget\" data-widget_type=\"text-editor.default\">\n\t\t\t\t\t\t\t\t\t<ul>\n<li style=\"font-weight: 400;\" aria-level=\"1\"><span style=\"font-weight: 400;\">Norsk forening for smertebehandling, en gang i \u00e5ret i 2021-2024 i Oslo, Norge<\/span><\/li>\n<li style=\"font-weight: 400;\" aria-level=\"1\"><span style=\"font-weight: 400;\">Polyvagal Institute, online-konferanse: Internasjonal Polyvagal, 2023<\/span><\/li>\n<li style=\"font-weight: 400;\" aria-level=\"1\"><span style=\"font-weight: 400;\">Polyvagal Institute, webinarserie: \"Avanserte anvendelser av polyvagal teori med Deb Dana\", 2024<\/span><\/li>\n<li aria-level=\"1\"><span style=\"font-weight: 400;\">Polyvagal Institute, online-konferanse: Internasjonal Polyvagal, 2024<\/span><\/li>\n<li aria-level=\"1\"><span style=\"font-weight: 400;\">Polyvagal Institute, online-konferanse, Internasjonal Polyvagal, 2025<\/span><\/li>\n<\/ul>\t\t\t\t\t\t\t\t<\/div>\n\t\t\t\t<\/div>\n\t\t\t\t\t<\/div>\n\t\t\t\t<\/div>\n\t\t\t\t<\/div>","protected":false},"excerpt":{"rendered":"<p>O mnie Aga Jakubowska-Maziarz Fizjoterapeutka Terapeutka manualna\u00a0 Fizjoterapeutka uroginekologiczna\u00a0 Instruktorka fitnessu, MediYogi i p\u0142ywania Trenerka personalna Integruj\u0105c zdobyt\u0105 wiedz\u0119 oraz 25 letnie do\u015bwiadczenie zawodowe, pomagam pacjentom powr\u00f3ci\u0107 do dobrej formy psychofizycznej po operacjach, przeci\u0105\u017ceniach i urazach. Otaczam opiek\u0105 zar\u00f3wno pacjent\u00f3w z b\u00f3lem ostrym i przewlek\u0142ym, jak i sportowc\u00f3w, kobiety po ci\u0105\u017cy i w okresie menopauzy, [&hellip;]<\/p>\n","protected":false},"author":1,"featured_media":8608,"parent":0,"menu_order":0,"comment_status":"closed","ping_status":"closed","template":"page-full-width.php","meta":{"footnotes":""},"class_list":["post-10355","page","type-page","status-publish","has-post-thumbnail","hentry"],"_links":{"self":[{"href":"https:\/\/aktivklinikk1fysioterapi.no\/no\/wp-json\/wp\/v2\/pages\/10355","targetHints":{"allow":["GET"]}}],"collection":[{"href":"https:\/\/aktivklinikk1fysioterapi.no\/no\/wp-json\/wp\/v2\/pages"}],"about":[{"href":"https:\/\/aktivklinikk1fysioterapi.no\/no\/wp-json\/wp\/v2\/types\/page"}],"author":[{"embeddable":true,"href":"https:\/\/aktivklinikk1fysioterapi.no\/no\/wp-json\/wp\/v2\/users\/1"}],"replies":[{"embeddable":true,"href":"https:\/\/aktivklinikk1fysioterapi.no\/no\/wp-json\/wp\/v2\/comments?post=10355"}],"version-history":[{"count":0,"href":"https:\/\/aktivklinikk1fysioterapi.no\/no\/wp-json\/wp\/v2\/pages\/10355\/revisions"}],"wp:featuredmedia":[{"embeddable":true,"href":"https:\/\/aktivklinikk1fysioterapi.no\/no\/wp-json\/wp\/v2\/media\/8608"}],"wp:attachment":[{"href":"https:\/\/aktivklinikk1fysioterapi.no\/no\/wp-json\/wp\/v2\/media?parent=10355"}],"curies":[{"name":"wp","href":"https:\/\/api.w.org\/{rel}","templated":true}]}}