{"id":10437,"date":"2025-08-03T15:43:49","date_gmt":"2025-08-03T15:43:49","guid":{"rendered":"https:\/\/aktivklinikk1fysioterapi.no\/?page_id=10437"},"modified":"2025-11-29T17:55:15","modified_gmt":"2025-11-29T17:55:15","slug":"kontakt","status":"publish","type":"page","link":"https:\/\/aktivklinikk1fysioterapi.no\/no\/kontakt\/","title":{"rendered":"Kontakt"},"content":{"rendered":"<div data-elementor-type=\"wp-page\" data-elementor-id=\"10437\" class=\"elementor elementor-10437\">\n\t\t\t\t<div class=\"elementor-element elementor-element-832a757 e-flex e-con-boxed e-con e-parent\" data-id=\"832a757\" data-element_type=\"container\" data-e-type=\"container\" data-settings=\"{&quot;background_background&quot;:&quot;classic&quot;}\">\n\t\t\t\t\t<div class=\"e-con-inner\">\n\t\t\t\t<div class=\"elementor-element elementor-element-ccb89f5 elementor-widget elementor-widget-prophysique_core_section_title\" data-id=\"ccb89f5\" data-element_type=\"widget\" data-e-type=\"widget\" data-widget_type=\"prophysique_core_section_title.default\">\n\t\t\t\t<div class=\"elementor-widget-container\">\n\t\t\t\t\t<div class=\"qodef-shortcode qodef-m qodef-section-title qodef-alignment--center\">\n\t\t\t\t<h2 class=\"qodef-m-title\" style=\"color: #FFFFFF\">\n\t\tKontakt\t<\/h2>\n\t\t<\/div>\n\t\t\t\t<\/div>\n\t\t\t\t<\/div>\n\t\t\t\t\t<\/div>\n\t\t\t\t<\/div>\n\t\t<div class=\"elementor-element elementor-element-05951c9 e-flex e-con-boxed e-con e-parent\" data-id=\"05951c9\" data-element_type=\"container\" data-e-type=\"container\">\n\t\t\t\t\t<div class=\"e-con-inner\">\n\t\t<div class=\"elementor-element elementor-element-fb9144b e-con-full e-flex e-con e-child\" data-id=\"fb9144b\" data-element_type=\"container\" data-e-type=\"container\">\n\t\t\t\t<div class=\"elementor-element elementor-element-e002e1d elementor-widget elementor-widget-prophysique_core_section_title\" data-id=\"e002e1d\" data-element_type=\"widget\" data-e-type=\"widget\" id=\"kontakt\" data-widget_type=\"prophysique_core_section_title.default\">\n\t\t\t\t<div class=\"elementor-widget-container\">\n\t\t\t\t\t<div class=\"qodef-shortcode qodef-m qodef-section-title qodef-alignment--left\">\n\t\t\t\t<h2 class=\"qodef-m-title\" >\n\t\tKontaktskjema\t<\/h2>\n\t\t<\/div>\n\t\t\t\t<\/div>\n\t\t\t\t<\/div>\n\t\t\t\t<div class=\"elementor-element elementor-element-939130a elementor-widget elementor-widget-qi_addons_for_elementor_contact_form_7\" data-id=\"939130a\" data-element_type=\"widget\" data-e-type=\"widget\" data-widget_type=\"qi_addons_for_elementor_contact_form_7.default\">\n\t\t\t\t<div class=\"elementor-widget-container\">\n\t\t\t\t\t<div class=\"qodef-shortcode qodef-m qodef-qi-contact-form-7 qodef-button--full-width\">\n\t\n<div class=\"wpcf7 no-js\" id=\"wpcf7-f582-o1\" lang=\"en-US\" dir=\"ltr\" data-wpcf7-id=\"582\">\n<div class=\"screen-reader-response\"><p role=\"status\" aria-live=\"polite\" aria-atomic=\"true\"><\/p> <ul><\/ul><\/div>\n<form action=\"\/no\/wp-json\/wp\/v2\/pages\/10437#wpcf7-f582-o1\" method=\"post\" class=\"wpcf7-form init\" aria-label=\"Contact form\" novalidate=\"novalidate\" data-status=\"init\" data-trp-original-action=\"\/no\/wp-json\/wp\/v2\/pages\/10437#wpcf7-f582-o1\">\n<fieldset class=\"hidden-fields-container\"><input type=\"hidden\" name=\"_wpcf7\" value=\"582\" \/><input type=\"hidden\" name=\"_wpcf7_version\" value=\"6.1.5\" \/><input type=\"hidden\" name=\"_wpcf7_locale\" value=\"en_US\" \/><input type=\"hidden\" name=\"_wpcf7_unit_tag\" value=\"wpcf7-f582-o1\" \/><input type=\"hidden\" name=\"_wpcf7_container_post\" value=\"0\" \/><input type=\"hidden\" name=\"_wpcf7_posted_data_hash\" value=\"\" \/><input type=\"hidden\" name=\"_wpcf7_recaptcha_response\" value=\"\" \/>\n<\/fieldset>\n<p>\n    <span class=\"wpcf7-form-control-wrap\" data-name=\"imie-nazwisko\"><input size=\"40\" maxlength=\"400\" class=\"wpcf7-form-control wpcf7-text wpcf7-validates-as-required\" aria-required=\"true\" aria-invalid=\"false\" placeholder=\"Navn: (p\u00e5krevd)\" value=\"\" type=\"text\" name=\"imie-nazwisko\" \/><\/span>\n<\/p>\n\n<p>\n    <span class=\"wpcf7-form-control-wrap\" data-name=\"email\"><input size=\"40\" maxlength=\"400\" class=\"wpcf7-form-control wpcf7-email wpcf7-validates-as-required wpcf7-text wpcf7-validates-as-email\" aria-required=\"true\" aria-invalid=\"false\" placeholder=\"E-post: (p\u00e5krevd)\" value=\"\" type=\"email\" name=\"email\" \/><\/span>\n<\/p>\n\n<p>\n    <span class=\"wpcf7-form-control-wrap\" data-name=\"telefon\"><input size=\"40\" maxlength=\"400\" class=\"wpcf7-form-control wpcf7-tel wpcf7-text wpcf7-validates-as-tel\" aria-invalid=\"false\" placeholder=\"Telefonnummer: (valgfritt)\" value=\"\" type=\"tel\" name=\"telefon\" \/><\/span>\n<\/p>\n\n<p>\n    <span class=\"wpcf7-form-control-wrap\" data-name=\"temat\"><input size=\"40\" maxlength=\"400\" class=\"wpcf7-form-control wpcf7-text\" aria-invalid=\"false\" placeholder=\"Emne:\" value=\"\" type=\"text\" name=\"temat\" \/><\/span>\n<\/p>\n\n<p>\n    <span class=\"wpcf7-form-control-wrap\" data-name=\"wiadomosc\"><textarea cols=\"40\" rows=\"5\" maxlength=\"2000\" class=\"wpcf7-form-control wpcf7-textarea wpcf7-validates-as-required\" aria-required=\"true\" aria-invalid=\"false\" placeholder=\"Din melding: (p\u00e5krevd)\" name=\"wiadomosc\"><\/textarea><\/span>\n<\/p>\n\n<p>\n    <span class=\"wpcf7-form-control-wrap\" data-name=\"zgoda-rodo\"><span class=\"wpcf7-form-control wpcf7-acceptance\"><span class=\"wpcf7-list-item\"><label><input type=\"checkbox\" name=\"zgoda-rodo\" value=\"1\" aria-invalid=\"false\" \/><span class=\"wpcf7-list-item-label\">Jeg samtykker til at Aktivklinikk1 Fysioterapi behandler mine personopplysninger (navn, e-post, telefonnummer) for \u00e5 svare p\u00e5 min henvendelse. Jeg har gjort meg kjent med <a href=\"\/no\/personvern\/\" target=\"_blank\" rel=\"noopener\">Retningslinjer for personvern<\/a>. (p\u00e5krevd)<\/span><\/label><\/span><\/span><\/span>\n<\/p>\n\n<p>\n    <button class=\"wpcf7-form-control wpcf7-submit qodef-button qodef-size--normal qodef-layout--filled qodef-m\" type=\"submit\"><span class=\"qodef-m-text\">Send<\/span><\/button>\n<\/p><div class=\"wpcf7-response-output\" aria-hidden=\"true\"><\/div>\n<input type=\"hidden\" name=\"trp-form-language\" value=\"no\"\/><\/form>\n<\/div>\n<\/div>\n\t\t\t\t<\/div>\n\t\t\t\t<\/div>\n\t\t\t\t<\/div>\n\t\t<div class=\"elementor-element elementor-element-a1eb4ba e-con-full e-flex e-con e-child\" data-id=\"a1eb4ba\" data-element_type=\"container\" data-e-type=\"container\">\n\t\t\t\t<div class=\"elementor-element elementor-element-a7f2060 elementor-widget elementor-widget-prophysique_core_icon_list_item\" data-id=\"a7f2060\" data-element_type=\"widget\" data-e-type=\"widget\" data-widget_type=\"prophysique_core_icon_list_item.default\">\n\t\t\t\t<div class=\"elementor-widget-container\">\n\t\t\t\t\t<div class=\"qodef-icon-list-item qodef-icon--icon-pack\" >\n\t<h6 class=\"qodef-e-title\" >\n\t\t\t\t\t<a itemprop=\"url\" href=\"tel:+4748679214\" target=\"_self\">\n\t\t\t\t\t<span class=\"qodef-e-title-inner\">\n\t\t\t\t<span class=\"qodef-shortcode qodef-m qodef-icon-holder qodef-layout--circle\"  style=\"width: 38px;height: 38px;line-height: 38px;background-color: #8B0000;border-style: solid;border-width: 1px;line-height: 36px\">\t\t\t<span class=\"qodef-icon-dripicons dripicons-phone qodef-icon qodef-e\" style=\"font-size: 17px\" ><\/span>\t<\/span>\t\t\t\t<span class=\"qodef-e-title-text\">+47 486 79 214<\/span>\n\t\t\t<\/span>\n\t\t\t\t\t<\/a>\n\t\t\t<\/h6>\n<\/div>\n\t\t\t\t<\/div>\n\t\t\t\t<\/div>\n\t\t\t\t<div class=\"elementor-element elementor-element-28ed44d elementor-widget elementor-widget-prophysique_core_icon_list_item\" data-id=\"28ed44d\" data-element_type=\"widget\" data-e-type=\"widget\" data-widget_type=\"prophysique_core_icon_list_item.default\">\n\t\t\t\t<div class=\"elementor-widget-container\">\n\t\t\t\t\t<div class=\"qodef-icon-list-item qodef-icon--icon-pack\" >\n\t<h6 class=\"qodef-e-title\" >\n\t\t\t\t\t<a itemprop=\"url\" href=\"mailto:Aktivklinikk1agajm@gmail.com\" target=\"_self\">\n\t\t\t\t\t<span class=\"qodef-e-title-inner\">\n\t\t\t\t<span class=\"qodef-shortcode qodef-m qodef-icon-holder qodef-layout--circle\"  style=\"width: 38px;height: 38px;line-height: 38px;background-color: #8B0000\">\t\t\t<span class=\"qodef-icon-elegant-icons icon_mail_alt qodef-icon qodef-e\" style=\"font-size: 17px\" ><\/span>\t<\/span>\t\t\t\t<span class=\"qodef-e-title-text\">Aktivklinikk1agajm@gmail.com<\/span>\n\t\t\t<\/span>\n\t\t\t\t\t<\/a>\n\t\t\t<\/h6>\n<\/div>\n\t\t\t\t<\/div>\n\t\t\t\t<\/div>\n\t\t\t\t<div class=\"elementor-element elementor-element-59280da elementor-widget elementor-widget-prophysique_core_icon_list_item\" data-id=\"59280da\" data-element_type=\"widget\" data-e-type=\"widget\" data-widget_type=\"prophysique_core_icon_list_item.default\">\n\t\t\t\t<div class=\"elementor-widget-container\">\n\t\t\t\t\t<div class=\"qodef-icon-list-item qodef-icon--icon-pack\" >\n\t<h6 class=\"qodef-e-title\" >\n\t\t\t\t\t<a itemprop=\"url\" href=\"https:\/\/www.google.com\/maps\/dir\/\/Bankbrygga+2,+1606+Fredrikstad\/\" target=\"_blank\" rel=\"noopener\">\n\t\t\t\t\t<span class=\"qodef-e-title-inner\">\n\t\t\t\t<span class=\"qodef-shortcode qodef-m qodef-icon-holder qodef-layout--circle\"  style=\"width: 38px;height: 38px;line-height: 38px;background-color: #8B0000;border-style: solid;border-width: 1px;line-height: 36px\">\t\t\t<span class=\"qodef-icon-elegant-icons icon_pin_alt qodef-icon qodef-e\" style=\"font-size: 17px\" ><\/span>\t<\/span>\t\t\t\t<span class=\"qodef-e-title-text\">Vincent Medisinske Senter Bankbrygga 2, 1606 Fredrikstad<\/span>\n\t\t\t<\/span>\n\t\t\t\t\t<\/a>\n\t\t\t<\/h6>\n<\/div>\n\t\t\t\t<\/div>\n\t\t\t\t<\/div>\n\t\t\t\t<div class=\"elementor-element elementor-element-1586ee1 elementor-widget elementor-widget-google_maps\" data-id=\"1586ee1\" data-element_type=\"widget\" data-e-type=\"widget\" data-widget_type=\"google_maps.default\">\n\t\t\t\t\t\t\t<div class=\"elementor-custom-embed\">\n\t\t\t<iframe loading=\"lazy\"\n\t\t\t\t\tsrc=\"https:\/\/maps.google.com\/maps?q=Vincent%20Medisinske%20Senter%20Bankbrygga%202%2C%201606%20Fredrikstad&#038;t=m&#038;z=11&#038;output=embed&#038;iwloc=near\"\n\t\t\t\t\ttitle=\"Vincent Medisinske Senter Bankbrygga 2, 1606 Fredrikstad\"\n\t\t\t\t\taria-label=\"Vincent Medisinske Senter Bankbrygga 2, 1606 Fredrikstad\"\n\t\t\t><\/iframe>\n\t\t<\/div>\n\t\t\t\t\t\t<\/div>\n\t\t\t\t<\/div>\n\t\t\t\t\t<\/div>\n\t\t\t\t<\/div>\n\t\t<div class=\"elementor-element elementor-element-d5e77f6 e-flex e-con-boxed e-con e-parent\" data-id=\"d5e77f6\" data-element_type=\"container\" data-e-type=\"container\">\n\t\t\t\t\t<div class=\"e-con-inner\">\n\t\t\t\t\t<\/div>\n\t\t\t\t<\/div>\n\t\t\t\t<\/div>","protected":false},"excerpt":{"rendered":"<p>Kontakt Formularz kontaktowy Wyra\u017cam zgod\u0119 na przetwarzanie moich danych osobowych (imi\u0119, e-mail, nr telefonu) przez Aktivklinikk1 w celu odpowiedzi na moje zapytanie. Zapozna\u0142em\/am si\u0119 z Polityk\u0105 Prywatno\u015bci. (wymagane) Wy\u015blij +47 486 79 214 Aktivklinikk1agajm@gmail.com Vincent Medisinske Senter Bankbrygga 2, 1606 Fredrikstad<\/p>","protected":false},"author":1,"featured_media":8608,"parent":0,"menu_order":0,"comment_status":"closed","ping_status":"closed","template":"page-full-width.php","meta":{"footnotes":""},"class_list":["post-10437","page","type-page","status-publish","has-post-thumbnail","hentry"],"_links":{"self":[{"href":"https:\/\/aktivklinikk1fysioterapi.no\/no\/wp-json\/wp\/v2\/pages\/10437","targetHints":{"allow":["GET"]}}],"collection":[{"href":"https:\/\/aktivklinikk1fysioterapi.no\/no\/wp-json\/wp\/v2\/pages"}],"about":[{"href":"https:\/\/aktivklinikk1fysioterapi.no\/no\/wp-json\/wp\/v2\/types\/page"}],"author":[{"embeddable":true,"href":"https:\/\/aktivklinikk1fysioterapi.no\/no\/wp-json\/wp\/v2\/users\/1"}],"replies":[{"embeddable":true,"href":"https:\/\/aktivklinikk1fysioterapi.no\/no\/wp-json\/wp\/v2\/comments?post=10437"}],"version-history":[{"count":9,"href":"https:\/\/aktivklinikk1fysioterapi.no\/no\/wp-json\/wp\/v2\/pages\/10437\/revisions"}],"predecessor-version":[{"id":11311,"href":"https:\/\/aktivklinikk1fysioterapi.no\/no\/wp-json\/wp\/v2\/pages\/10437\/revisions\/11311"}],"wp:featuredmedia":[{"embeddable":true,"href":"https:\/\/aktivklinikk1fysioterapi.no\/no\/wp-json\/wp\/v2\/media\/8608"}],"wp:attachment":[{"href":"https:\/\/aktivklinikk1fysioterapi.no\/no\/wp-json\/wp\/v2\/media?parent=10437"}],"curies":[{"name":"wp","href":"https:\/\/api.w.org\/{rel}","templated":true}]}}