{"id":3,"date":"2025-07-30T20:55:43","date_gmt":"2025-07-30T20:55:43","guid":{"rendered":"https:\/\/aktivklinikk1fysioterapi.no\/?page_id=3"},"modified":"2025-12-01T12:18:34","modified_gmt":"2025-12-01T12:18:34","slug":"personvern","status":"publish","type":"page","link":"https:\/\/aktivklinikk1fysioterapi.no\/no\/personvern\/","title":{"rendered":"Personvern"},"content":{"rendered":"<h1 class=\"wp-block-heading\"><strong>Personvernerkl\u00e6ring for Aktivklinikk1 Agnieszka Ewa Jakubowska-Maziarz<\/strong><\/h1>\n\n\n\n<p>Denne personvernerkl\u00e6ringen beskriver hvordan Aktivklinikk1 Agnieszka Ewa Jakubowska-Maziarz (heretter \u201evi\u201d, \u201eoss\u201d eller \u201eAktivklinikk1\u201d) samler inn og behandler personopplysninger.<\/p>\n\n\n\n<hr class=\"wp-block-separator has-alpha-channel-opacity\"\/>\n\n\n\n<h2 class=\"wp-block-heading\"><strong>1. Behandlingsansvarlig<\/strong><\/h2>\n\n\n\n<p>Behandlingsansvarlig for personopplysningene som behandles av oss er:<\/p>\n\n\n\n<p><strong>Navn:<\/strong> Aktivklinikk1 Agnieszka Ewa Jakubowska-Maziarz<br><strong>Organisasjonsnummer:<\/strong> 919 552 344<br><strong>Adresse:<\/strong> Rolvs\u00f8yveien 324, 1663 Rolvs\u00f8y<br><strong>Telefon:<\/strong> 486 79 214<\/p>\n\n\n\n<p>Hvis du har sp\u00f8rsm\u00e5l om behandlingen av personopplysningene dine, kan du kontakte oss per telefon eller e-post.<\/p>\n\n\n\n<hr class=\"wp-block-separator has-alpha-channel-opacity\"\/>\n\n\n\n<h2 class=\"wp-block-heading\"><strong>2 Behandlingsform\u00e5l<\/strong><\/h2>\n\n\n\n<p>Vi behandler personopplysninger for f\u00f8lgende form\u00e5l:<\/p>\n\n\n\n<p><strong>Levering av medisinske tjenester:<\/strong> for \u00e5 kunne gi fysioterapi som er hensiktsmessig og skreddersydd for deg.<br><strong>F\u00f8ring av medisinske journaler:<\/strong> vi er lovp\u00e5lagt \u00e5 f\u00f8re pasientjournal i henhold til Helsepersonelloven og Pasientjournalloven.<br><strong>Administrasjon:<\/strong> h\u00e5ndtering av timebestillinger, avbestillinger og kommunikasjon med deg.<br><strong>Fakturering og betaling:<\/strong> Utstedelse av fakturaer og mottak av betalinger, inkludert kommunikasjon med Helfo eller forsikringsselskaper (kun p\u00e5 grunnlag av ditt samtykke eller i henhold til lov).<br><strong>Oppfyllelse av juridiske forpliktelser:<\/strong> f.eks. som f\u00f8lge av regnskapsregler.<\/p>\n\n\n\n<hr class=\"wp-block-separator has-alpha-channel-opacity\"\/>\n\n\n\n<h2 class=\"wp-block-heading\"><strong>3 Hvilke data behandles?<\/strong><\/h2>\n\n\n\n<p>Vi behandler f\u00f8lgende kategorier av personopplysninger:<\/p>\n\n\n\n<h3 class=\"wp-block-heading\"><strong>Kjernedata:<\/strong><\/h3>\n\n\n\n<ul class=\"wp-block-list\">\n<li>navn<\/li>\n\n\n\n<li>identifikasjonsnummer\/f\u00f8dselsnummer (for sikker identifikasjon og medisinske journaler)<\/li>\n\n\n\n<li>kontaktinformasjon: adresse, telefonnummer, e-postadresse<\/li>\n<\/ul>\n\n\n\n<h3 class=\"wp-block-heading\"><strong>Opplysninger i en spesiell kategori (medisinske opplysninger):<\/strong><\/h3>\n\n\n\n<p>Dette er sensitive opplysninger som du gir oss, blant annet p\u00e5 helseskjemaet ditt f\u00f8r ditt f\u00f8rste bes\u00f8k, og opplysninger som fremkommer under konsultasjonen og behandlingen. Disse omfatter blant annet<\/p>\n\n\n\n<ul class=\"wp-block-list\">\n<li>helse<\/li>\n\n\n\n<li>sykehistorie<\/li>\n\n\n\n<li>diagnoser<\/li>\n\n\n\n<li>inntatt medisinering<\/li>\n\n\n\n<li>andre opplysninger som er n\u00f8dvendige for \u00e5 yte helsetjenester<\/li>\n<\/ul>\n\n\n\n<h3 class=\"wp-block-heading\"><strong>Administrative data:<\/strong><\/h3>\n\n\n\n<ul class=\"wp-block-list\">\n<li>bes\u00f8kshistorikk<\/li>\n\n\n\n<li>betalingshistorikk<\/li>\n\n\n\n<li>korrespondanse med deg<\/li>\n<\/ul>\n\n\n\n<hr class=\"wp-block-separator has-alpha-channel-opacity\"\/>\n\n\n\n<h2 class=\"wp-block-heading\"><strong>4 Rettslig grunnlag for behandling<\/strong><\/h2>\n\n\n\n<p>Behandlingen av opplysningene dine skjer p\u00e5 grunnlag av:<\/p>\n\n\n\n<h3 class=\"wp-block-heading\"><strong>Medisinske data (helseskjema og dokumentasjon):<\/strong><\/h3>\n\n\n\n<p>Behandlingen er n\u00f8dvendig for \u00e5 yte helsetjenester.<br>Rettslig grunnlag: RODO artikkel 9(2)(h) i forbindelse med Helsepersonelloven og Pasientjournalloven.<br>De medisinske opplysningene dine er beskyttet av taushetsplikt.<\/p>\n\n\n\n<h3 class=\"wp-block-heading\"><strong>Administrative data (f.eks. kontakt, bes\u00f8k):<\/strong><\/h3>\n\n\n\n<p>Behandlingen er n\u00f8dvendig for \u00e5 oppfylle tjenestekontrakten (artikkel 6(1)(b) RODO).<\/p>\n\n\n\n<h3 class=\"wp-block-heading\"><strong>Juridiske forpliktelser:<\/strong><\/h3>\n\n\n\n<p>Behandling som er n\u00f8dvendig for \u00e5 oppfylle lovp\u00e5lagte forpliktelser, f.eks. vedr\u00f8rende pasientjournaler eller regnskap (artikkel 6 nr. 1 bokstav c i RODO).<\/p>\n\n\n\n<hr class=\"wp-block-separator has-alpha-channel-opacity\"\/>\n\n\n\n<h2 class=\"wp-block-heading\"><strong>5. Innsamling og deling av data<\/strong><\/h2>\n\n\n\n<p>Vi samler hovedsakelig inn data direkte fra deg - via telefon, e-post eller gjennom helseskjemaet.<\/p>\n\n\n\n<p>Vi er bundet av <strong>taushetsplikt<\/strong> om alle medisinske data.<br>Vi deler ikke opplysningene dine med tredjeparter uten ditt uttrykkelige samtykke, med mindre det er lovp\u00e5lagt (f.eks. henvisninger til andre spesialister, rapporter til Helfo).<\/p>\n\n\n\n<p>Vi bruker ogs\u00e5 databehandlere, for eksempel systemer for journalf\u00f8ring eller regnskap. Vi har inng\u00e5tt en databehandleravtale med hver av disse enhetene for \u00e5 sikre trygg og lovlig behandling.<\/p>\n\n\n\n<hr class=\"wp-block-separator has-alpha-channel-opacity\"\/>\n\n\n\n<h2 class=\"wp-block-heading\"><strong>6. lagring og sletting av data<\/strong><\/h2>\n\n\n\n<p>Vi oppbevarer personopplysninger s\u00e5 lenge det er n\u00f8dvendig for \u00e5 oppfylle de form\u00e5lene de ble samlet inn for.<\/p>\n\n\n\n<p><strong>Medisinske journaler:<\/strong> lagret i henhold til Pasientjournalloven - i prinsippet <strong>10 \u00e5r<\/strong> siden forrige oppf\u00f8ring.<br><strong>Regnskapsdokumenter:<\/strong> if\u00f8lge Bokf\u00f8ringsloven - vanligvis <strong>5 \u00e5r<\/strong>.<br><strong>Annen korrespondanse:<\/strong> slettes n\u00e5r det ikke lenger er n\u00f8dvendig for administrative form\u00e5l.<\/p>\n\n\n\n<hr class=\"wp-block-separator has-alpha-channel-opacity\"\/>\n\n\n\n<h2 class=\"wp-block-heading\"><strong>7 Sikkerhet<\/strong><\/h2>\n\n\n\n<p>Vi tar vare p\u00e5 sikkerheten til personopplysningene dine ved \u00e5 bruke egnede tekniske og organisatoriske tiltak, som f.eks:<\/p>\n\n\n\n<ul class=\"wp-block-list\">\n<li>tilgangskontroll<\/li>\n\n\n\n<li>kryptering (der det er hensiktsmessig)<\/li>\n\n\n\n<li>sikre pasientjournalsystemer<\/li>\n<\/ul>\n\n\n\n<p>Form\u00e5let med disse tiltakene er \u00e5 beskytte opplysningene mot uautorisert tilgang, endring eller sletting.<\/p>\n\n\n\n<hr class=\"wp-block-separator has-alpha-channel-opacity\"\/>\n\n\n\n<h2 class=\"wp-block-heading\"><strong>8. Dine rettigheter<\/strong><\/h2>\n\n\n\n<p>Det har du rett til:<\/p>\n\n\n\n<ul class=\"wp-block-list\">\n<li><strong>tilgang<\/strong> til opplysningene vi har om deg (med forbehold om begrensningene i Helsepersonelloven)<\/li>\n\n\n\n<li><strong>rettelser<\/strong> feilaktige eller ufullstendige data<\/li>\n\n\n\n<li><strong>slettinger<\/strong> opplysninger dersom vi ikke har noe rettslig grunnlag for \u00e5 behandle dem videre<br>(Merk: data i journalen kan ikke slettes hvis lovgivningen krever at de skal oppbevares)<\/li>\n\n\n\n<li><strong>restriksjoner p\u00e5 behandling<\/strong> i visse situasjoner<\/li>\n\n\n\n<li><strong>sende inn en klage<\/strong> til Datatilsynet hvis du mener at vi bryter personvernlovgivningen<\/li>\n<\/ul>","protected":false},"excerpt":{"rendered":"<p>Polityka prywatno\u015bci dla Aktivklinikk1 Agnieszka Ewa Jakubowska-Maziarz Niniejsza polityka prywatno\u015bci opisuje, w jaki spos\u00f3b Aktivklinikk1 Agnieszka Ewa Jakubowska-Maziarz (dalej \u201emy\u201d, \u201enas\u201d lub \u201eAktivklinikk1\u201d) gromadzi i przetwarza dane osobowe. 1. Administrator danych Administratorem danych osobowych przetwarzanych przez nas jest: Nazwa: Aktivklinikk1 Agnieszka Ewa Jakubowska-MaziarzNumer organizacyjny: 919 552 344Adres: Rolvs\u00f8yveien 324, 1663 Rolvs\u00f8yTelefon: 486 79 214 W [&hellip;]<\/p>\n","protected":false},"author":1,"featured_media":0,"parent":0,"menu_order":0,"comment_status":"closed","ping_status":"closed","template":"","meta":{"footnotes":""},"class_list":["post-3","page","type-page","status-publish","hentry"],"_links":{"self":[{"href":"https:\/\/aktivklinikk1fysioterapi.no\/no\/wp-json\/wp\/v2\/pages\/3","targetHints":{"allow":["GET"]}}],"collection":[{"href":"https:\/\/aktivklinikk1fysioterapi.no\/no\/wp-json\/wp\/v2\/pages"}],"about":[{"href":"https:\/\/aktivklinikk1fysioterapi.no\/no\/wp-json\/wp\/v2\/types\/page"}],"author":[{"embeddable":true,"href":"https:\/\/aktivklinikk1fysioterapi.no\/no\/wp-json\/wp\/v2\/users\/1"}],"replies":[{"embeddable":true,"href":"https:\/\/aktivklinikk1fysioterapi.no\/no\/wp-json\/wp\/v2\/comments?post=3"}],"version-history":[{"count":1,"href":"https:\/\/aktivklinikk1fysioterapi.no\/no\/wp-json\/wp\/v2\/pages\/3\/revisions"}],"predecessor-version":[{"id":11408,"href":"https:\/\/aktivklinikk1fysioterapi.no\/no\/wp-json\/wp\/v2\/pages\/3\/revisions\/11408"}],"wp:attachment":[{"href":"https:\/\/aktivklinikk1fysioterapi.no\/no\/wp-json\/wp\/v2\/media?parent=3"}],"curies":[{"name":"wp","href":"https:\/\/api.w.org\/{rel}","templated":true}]}}